{"id":446,"date":"2025-08-26T05:56:34","date_gmt":"2025-08-26T05:56:34","guid":{"rendered":"http:\/\/letaobleu.fr\/?page_id=446"},"modified":"2026-01-19T16:40:28","modified_gmt":"2026-01-19T16:40:28","slug":"services-cours-collectifs-particulier-poitiers","status":"publish","type":"page","link":"https:\/\/letaobleu.fr\/index.php\/services-cours-collectifs-particulier-poitiers\/","title":{"rendered":"Services"},"content":{"rendered":"\n<h3 class=\"wp-block-heading\"><mark style=\"background-color:rgba(0, 0, 0, 0)\" class=\"has-inline-color has-kubio-color-2-color\"><mark style=\"background-color:rgba(0, 0, 0, 0)\" class=\"has-inline-color has-kubio-color-2-color\">\u00c0<\/mark> qui s&rsquo;adresse Le Tao Bleu ?<\/mark><\/h3>\n\n\n\n<ul class=\"wp-block-list\">\n<li>les particuliers&nbsp; (d\u00e9butant.e ou d\u00e9j\u00e0 pratiquant.e)<\/li>\n\n\n\n<li>en cours collectifs&nbsp;<\/li>\n\n\n\n<li>en cours particulier \u00e0 domicile seul.e ou entre ami.e.s<\/li>\n\n\n\n<li>lors de stages et ateliers ponctuels<\/li>\n\n\n\n<li>en entreprise, structure institutionnelle, en milieu de sant\u00e9<\/li>\n<\/ul>\n\n\n\n\n\n\n\n\n\n<p><mark style=\"background-color:rgba(var(--kubio-color-3), 1)\" class=\"has-inline-color has-kubio-color-5-color\">Qi Gong<\/mark><strong>\u00a0<\/strong> <\/p>\n\n\n\n<p><strong>Tarif horaire pour 1 personne :\u00a01 cours\/50\u20ac<\/strong><\/p>\n\n\n\n\n\n\n\n<p><mark style=\"background-color:rgba(var(--kubio-color-3), 1)\" class=\"has-inline-color has-kubio-color-5-color\">M\u00e9ditation guid\u00e9e en visio<\/mark><mark style=\"background-color:rgba(0, 0, 0, 0)\" class=\"has-inline-color has-kubio-color-3-color\"> <\/mark><\/p>\n\n\n\n<p><strong>Tarif pour 1 personne : 1 s\u00e9ance\/10\u20ac<\/strong><\/p>\n\n\n\n<p> Abonnement : 5 s\u00e9ances\/45\u20ac \u25cf 10 s\u00e9ances\/80\u20ac \u25cf S\u00e9ance de 35 minutes \u25cf Groupe de 4 \u00e0 6 participants.<\/p>\n\n\n\n<h3 class=\"wp-block-heading\"><mark style=\"background-color:rgba(0, 0, 0, 0)\" class=\"has-inline-color has-kubio-color-2-color\">Au sein de votre association<\/mark><\/h3>\n\n\n\n\n\n<h3 class=\"wp-block-heading\"><mark style=\"background-color:rgba(0, 0, 0, 0)\" class=\"has-inline-color has-kubio-color-2-color\">Pour les entreprises et les institutions<\/mark><\/h3>\n\n\n\n\n\n<h3 class=\"wp-block-heading\"><mark style=\"background-color:rgba(0, 0, 0, 0)\" class=\"has-inline-color has-kubio-color-2-color\">En milieu de sant\u00e9<\/mark><\/h3>\n\n\n\n\n","protected":false},"excerpt":{"rendered":"<p>\u00c0 qui s&rsquo;adresse Le Tao Bleu ? Qi Gong\u00a0 Tarif horaire pour 1 personne :\u00a01 cours\/50\u20ac M\u00e9ditation guid\u00e9e en visio Tarif pour 1 personne : 1 s\u00e9ance\/10\u20ac Abonnement : 5 s\u00e9ances\/45\u20ac \u25cf 10 s\u00e9ances\/80\u20ac \u25cf S\u00e9ance de 35 minutes \u25cf Groupe de 4 \u00e0 6 participants. Au sein de votre association Pour les entreprises et [&hellip;]<\/p>\n","protected":false},"author":1,"featured_media":0,"parent":0,"menu_order":0,"comment_status":"closed","ping_status":"closed","template":"","meta":{"saved_in_kubio":true,"footnotes":""},"class_list":["post-446","page","type-page","status-publish","hentry"],"kubio_ai_page_context":{"short_desc":"","purpose":"general"},"yoast_head":"<!-- This site is optimized with the Yoast SEO plugin v27.5 - https:\/\/yoast.com\/product\/yoast-seo-wordpress\/ -->\n<title>Services - LE TAO BLEU<\/title>\n<meta name=\"robots\" content=\"index, follow, max-snippet:-1, max-image-preview:large, max-video-preview:-1\" \/>\n<link rel=\"canonical\" href=\"https:\/\/letaobleu.fr\/index.php\/services-cours-collectifs-particulier-poitiers\/\" \/>\n<meta property=\"og:locale\" content=\"fr_FR\" \/>\n<meta property=\"og:type\" content=\"article\" \/>\n<meta property=\"og:title\" content=\"Services - LE TAO BLEU\" \/>\n<meta property=\"og:description\" content=\"\u00c0 qui s&rsquo;adresse Le Tao Bleu ? Qi Gong\u00a0 Tarif horaire pour 1 personne :\u00a01 cours\/50\u20ac M\u00e9ditation guid\u00e9e en visio Tarif pour 1 personne : 1 s\u00e9ance\/10\u20ac Abonnement : 5 s\u00e9ances\/45\u20ac \u25cf 10 s\u00e9ances\/80\u20ac \u25cf S\u00e9ance de 35 minutes \u25cf Groupe de 4 \u00e0 6 participants. Au sein de votre association Pour les entreprises et [&hellip;]\" \/>\n<meta property=\"og:url\" content=\"https:\/\/letaobleu.fr\/index.php\/services-cours-collectifs-particulier-poitiers\/\" \/>\n<meta property=\"og:site_name\" content=\"LE TAO BLEU\" \/>\n<meta property=\"article:publisher\" content=\"https:\/\/www.facebook.com\/profile.php?id=61580347494568\" \/>\n<meta property=\"article:modified_time\" content=\"2026-01-19T16:40:28+00:00\" \/>\n<meta name=\"twitter:card\" content=\"summary_large_image\" \/>\n<meta name=\"twitter:label1\" content=\"Dur\u00e9e de lecture estim\u00e9e\" \/>\n\t<meta name=\"twitter:data1\" content=\"1 minute\" \/>\n<script type=\"application\/ld+json\" class=\"yoast-schema-graph\">{\"@context\":\"https:\\\/\\\/schema.org\",\"@graph\":[{\"@type\":\"WebPage\",\"@id\":\"https:\\\/\\\/letaobleu.fr\\\/index.php\\\/services-cours-collectifs-particulier-poitiers\\\/\",\"url\":\"https:\\\/\\\/letaobleu.fr\\\/index.php\\\/services-cours-collectifs-particulier-poitiers\\\/\",\"name\":\"Services - LE TAO BLEU\",\"isPartOf\":{\"@id\":\"https:\\\/\\\/letaobleu.fr\\\/#website\"},\"datePublished\":\"2025-08-26T05:56:34+00:00\",\"dateModified\":\"2026-01-19T16:40:28+00:00\",\"breadcrumb\":{\"@id\":\"https:\\\/\\\/letaobleu.fr\\\/index.php\\\/services-cours-collectifs-particulier-poitiers\\\/#breadcrumb\"},\"inLanguage\":\"fr-FR\",\"potentialAction\":[{\"@type\":\"ReadAction\",\"target\":[\"https:\\\/\\\/letaobleu.fr\\\/index.php\\\/services-cours-collectifs-particulier-poitiers\\\/\"]}]},{\"@type\":\"BreadcrumbList\",\"@id\":\"https:\\\/\\\/letaobleu.fr\\\/index.php\\\/services-cours-collectifs-particulier-poitiers\\\/#breadcrumb\",\"itemListElement\":[{\"@type\":\"ListItem\",\"position\":1,\"name\":\"Accueil\",\"item\":\"https:\\\/\\\/letaobleu.fr\\\/\"},{\"@type\":\"ListItem\",\"position\":2,\"name\":\"Services\"}]},{\"@type\":\"WebSite\",\"@id\":\"https:\\\/\\\/letaobleu.fr\\\/#website\",\"url\":\"https:\\\/\\\/letaobleu.fr\\\/\",\"name\":\"LE TAO BLEU\",\"description\":\"Entretenir le calme et la vitalit\u00e9 gr\u00e2ce aux pratiques mill\u00e9naires du Qi Gong et de la M\u00e9ditation\",\"publisher\":{\"@id\":\"https:\\\/\\\/letaobleu.fr\\\/#organization\"},\"potentialAction\":[{\"@type\":\"SearchAction\",\"target\":{\"@type\":\"EntryPoint\",\"urlTemplate\":\"https:\\\/\\\/letaobleu.fr\\\/?s={search_term_string}\"},\"query-input\":{\"@type\":\"PropertyValueSpecification\",\"valueRequired\":true,\"valueName\":\"search_term_string\"}}],\"inLanguage\":\"fr-FR\"},{\"@type\":\"Organization\",\"@id\":\"https:\\\/\\\/letaobleu.fr\\\/#organization\",\"name\":\"LE TAO BLEU\",\"url\":\"https:\\\/\\\/letaobleu.fr\\\/\",\"logo\":{\"@type\":\"ImageObject\",\"inLanguage\":\"fr-FR\",\"@id\":\"https:\\\/\\\/letaobleu.fr\\\/#\\\/schema\\\/logo\\\/image\\\/\",\"url\":\"https:\\\/\\\/letaobleu.fr\\\/wp-content\\\/uploads\\\/2025\\\/09\\\/Logo-officiel-Le-Tao-Bleu-recoupe-pour-site.png\",\"contentUrl\":\"https:\\\/\\\/letaobleu.fr\\\/wp-content\\\/uploads\\\/2025\\\/09\\\/Logo-officiel-Le-Tao-Bleu-recoupe-pour-site.png\",\"width\":500,\"height\":390,\"caption\":\"LE TAO BLEU\"},\"image\":{\"@id\":\"https:\\\/\\\/letaobleu.fr\\\/#\\\/schema\\\/logo\\\/image\\\/\"},\"sameAs\":[\"https:\\\/\\\/www.facebook.com\\\/profile.php?id=61580347494568\"]}]}<\/script>\n<!-- \/ Yoast SEO plugin. -->","yoast_head_json":{"title":"Services - LE TAO BLEU","robots":{"index":"index","follow":"follow","max-snippet":"max-snippet:-1","max-image-preview":"max-image-preview:large","max-video-preview":"max-video-preview:-1"},"canonical":"https:\/\/letaobleu.fr\/index.php\/services-cours-collectifs-particulier-poitiers\/","og_locale":"fr_FR","og_type":"article","og_title":"Services - LE TAO BLEU","og_description":"\u00c0 qui s&rsquo;adresse Le Tao Bleu ? Qi Gong\u00a0 Tarif horaire pour 1 personne :\u00a01 cours\/50\u20ac M\u00e9ditation guid\u00e9e en visio Tarif pour 1 personne : 1 s\u00e9ance\/10\u20ac Abonnement : 5 s\u00e9ances\/45\u20ac \u25cf 10 s\u00e9ances\/80\u20ac \u25cf S\u00e9ance de 35 minutes \u25cf Groupe de 4 \u00e0 6 participants. Au sein de votre association Pour les entreprises et [&hellip;]","og_url":"https:\/\/letaobleu.fr\/index.php\/services-cours-collectifs-particulier-poitiers\/","og_site_name":"LE TAO BLEU","article_publisher":"https:\/\/www.facebook.com\/profile.php?id=61580347494568","article_modified_time":"2026-01-19T16:40:28+00:00","twitter_card":"summary_large_image","twitter_misc":{"Dur\u00e9e de lecture estim\u00e9e":"1 minute"},"schema":{"@context":"https:\/\/schema.org","@graph":[{"@type":"WebPage","@id":"https:\/\/letaobleu.fr\/index.php\/services-cours-collectifs-particulier-poitiers\/","url":"https:\/\/letaobleu.fr\/index.php\/services-cours-collectifs-particulier-poitiers\/","name":"Services - LE TAO BLEU","isPartOf":{"@id":"https:\/\/letaobleu.fr\/#website"},"datePublished":"2025-08-26T05:56:34+00:00","dateModified":"2026-01-19T16:40:28+00:00","breadcrumb":{"@id":"https:\/\/letaobleu.fr\/index.php\/services-cours-collectifs-particulier-poitiers\/#breadcrumb"},"inLanguage":"fr-FR","potentialAction":[{"@type":"ReadAction","target":["https:\/\/letaobleu.fr\/index.php\/services-cours-collectifs-particulier-poitiers\/"]}]},{"@type":"BreadcrumbList","@id":"https:\/\/letaobleu.fr\/index.php\/services-cours-collectifs-particulier-poitiers\/#breadcrumb","itemListElement":[{"@type":"ListItem","position":1,"name":"Accueil","item":"https:\/\/letaobleu.fr\/"},{"@type":"ListItem","position":2,"name":"Services"}]},{"@type":"WebSite","@id":"https:\/\/letaobleu.fr\/#website","url":"https:\/\/letaobleu.fr\/","name":"LE TAO BLEU","description":"Entretenir le calme et la vitalit\u00e9 gr\u00e2ce aux pratiques mill\u00e9naires du Qi Gong et de la M\u00e9ditation","publisher":{"@id":"https:\/\/letaobleu.fr\/#organization"},"potentialAction":[{"@type":"SearchAction","target":{"@type":"EntryPoint","urlTemplate":"https:\/\/letaobleu.fr\/?s={search_term_string}"},"query-input":{"@type":"PropertyValueSpecification","valueRequired":true,"valueName":"search_term_string"}}],"inLanguage":"fr-FR"},{"@type":"Organization","@id":"https:\/\/letaobleu.fr\/#organization","name":"LE TAO BLEU","url":"https:\/\/letaobleu.fr\/","logo":{"@type":"ImageObject","inLanguage":"fr-FR","@id":"https:\/\/letaobleu.fr\/#\/schema\/logo\/image\/","url":"https:\/\/letaobleu.fr\/wp-content\/uploads\/2025\/09\/Logo-officiel-Le-Tao-Bleu-recoupe-pour-site.png","contentUrl":"https:\/\/letaobleu.fr\/wp-content\/uploads\/2025\/09\/Logo-officiel-Le-Tao-Bleu-recoupe-pour-site.png","width":500,"height":390,"caption":"LE TAO BLEU"},"image":{"@id":"https:\/\/letaobleu.fr\/#\/schema\/logo\/image\/"},"sameAs":["https:\/\/www.facebook.com\/profile.php?id=61580347494568"]}]}},"_links":{"self":[{"href":"https:\/\/letaobleu.fr\/index.php\/wp-json\/wp\/v2\/pages\/446","targetHints":{"allow":["GET"]}}],"collection":[{"href":"https:\/\/letaobleu.fr\/index.php\/wp-json\/wp\/v2\/pages"}],"about":[{"href":"https:\/\/letaobleu.fr\/index.php\/wp-json\/wp\/v2\/types\/page"}],"author":[{"embeddable":true,"href":"https:\/\/letaobleu.fr\/index.php\/wp-json\/wp\/v2\/users\/1"}],"replies":[{"embeddable":true,"href":"https:\/\/letaobleu.fr\/index.php\/wp-json\/wp\/v2\/comments?post=446"}],"version-history":[{"count":92,"href":"https:\/\/letaobleu.fr\/index.php\/wp-json\/wp\/v2\/pages\/446\/revisions"}],"predecessor-version":[{"id":1647,"href":"https:\/\/letaobleu.fr\/index.php\/wp-json\/wp\/v2\/pages\/446\/revisions\/1647"}],"wp:attachment":[{"href":"https:\/\/letaobleu.fr\/index.php\/wp-json\/wp\/v2\/media?parent=446"}],"curies":[{"name":"wp","href":"https:\/\/api.w.org\/{rel}","templated":true}]}}