{"id":459,"date":"2025-08-26T06:24:35","date_gmt":"2025-08-26T06:24:35","guid":{"rendered":"http:\/\/letaobleu.fr\/?page_id=459"},"modified":"2026-02-09T10:36:23","modified_gmt":"2026-02-09T10:36:23","slug":"accompagnement-bien-etre-sante","status":"publish","type":"page","link":"https:\/\/letaobleu.fr\/index.php\/accompagnement-bien-etre-sante\/","title":{"rendered":"Accompagner"},"content":{"rendered":"\n\n\n<h3 class=\"wp-block-heading\"><mark style=\"background-color:rgba(0, 0, 0, 0)\" class=\"has-inline-color has-kubio-color-2-color\">Une approche holistique du bien-\u00eatre<\/mark><\/h3>\n\n\n\n\n\n\n\n<h3 class=\"wp-block-heading\"><mark style=\"background-color:rgba(0, 0, 0, 0)\" class=\"has-inline-color has-kubio-color-2-color\">Une invitation au changement<\/mark><\/h3>\n\n\n\n\n\n\n\n\n\n<p><a href=\"https:\/\/letaobleu.fr\/index.php\/qi-gong-meditation\/\" target=\"_blank\" rel=\"noreferrer noopener\">En savoir + sur le Qi Gong<\/a> \u25cf <a href=\"https:\/\/letaobleu.fr\/index.php\/le-tao-bleu\/\" data-type=\"link\" data-id=\"https:\/\/letaobleu.fr\/index.php\/le-tao-bleu\/\" target=\"_blank\" rel=\"noreferrer noopener\">Pratiquer avec Le Tao Bleu<\/a><\/p>\n\n\n","protected":false},"excerpt":{"rendered":"<p>Une approche holistique du bien-\u00eatre Une invitation au changement En savoir + sur le Qi Gong \u25cf Pratiquer avec Le Tao Bleu<\/p>\n","protected":false},"author":1,"featured_media":0,"parent":0,"menu_order":0,"comment_status":"closed","ping_status":"closed","template":"","meta":{"saved_in_kubio":true,"footnotes":""},"class_list":["post-459","page","type-page","status-publish","hentry"],"kubio_ai_page_context":{"short_desc":"","purpose":"general"},"yoast_head":"<!-- This site is optimized with the Yoast SEO plugin v27.5 - https:\/\/yoast.com\/product\/yoast-seo-wordpress\/ -->\n<title>Accompagner - LE TAO BLEU<\/title>\n<meta name=\"robots\" content=\"index, follow, max-snippet:-1, max-image-preview:large, max-video-preview:-1\" \/>\n<link rel=\"canonical\" href=\"https:\/\/letaobleu.fr\/index.php\/accompagnement-bien-etre-sante\/\" \/>\n<meta property=\"og:locale\" content=\"fr_FR\" \/>\n<meta property=\"og:type\" content=\"article\" \/>\n<meta property=\"og:title\" content=\"Accompagner - LE TAO BLEU\" \/>\n<meta property=\"og:description\" content=\"Une approche holistique du bien-\u00eatre Une invitation au changement En savoir + sur le Qi Gong \u25cf Pratiquer avec Le Tao Bleu\" \/>\n<meta property=\"og:url\" content=\"https:\/\/letaobleu.fr\/index.php\/accompagnement-bien-etre-sante\/\" \/>\n<meta property=\"og:site_name\" content=\"LE TAO BLEU\" \/>\n<meta property=\"article:publisher\" content=\"https:\/\/www.facebook.com\/profile.php?id=61580347494568\" \/>\n<meta property=\"article:modified_time\" content=\"2026-02-09T10:36:23+00:00\" \/>\n<meta name=\"twitter:card\" content=\"summary_large_image\" \/>\n<meta name=\"twitter:label1\" content=\"Dur\u00e9e de lecture estim\u00e9e\" \/>\n\t<meta name=\"twitter:data1\" content=\"2 minutes\" \/>\n<script type=\"application\/ld+json\" class=\"yoast-schema-graph\">{\"@context\":\"https:\\\/\\\/schema.org\",\"@graph\":[{\"@type\":\"WebPage\",\"@id\":\"https:\\\/\\\/letaobleu.fr\\\/index.php\\\/accompagnement-bien-etre-sante\\\/\",\"url\":\"https:\\\/\\\/letaobleu.fr\\\/index.php\\\/accompagnement-bien-etre-sante\\\/\",\"name\":\"Accompagner - LE TAO BLEU\",\"isPartOf\":{\"@id\":\"https:\\\/\\\/letaobleu.fr\\\/#website\"},\"datePublished\":\"2025-08-26T06:24:35+00:00\",\"dateModified\":\"2026-02-09T10:36:23+00:00\",\"breadcrumb\":{\"@id\":\"https:\\\/\\\/letaobleu.fr\\\/index.php\\\/accompagnement-bien-etre-sante\\\/#breadcrumb\"},\"inLanguage\":\"fr-FR\",\"potentialAction\":[{\"@type\":\"ReadAction\",\"target\":[\"https:\\\/\\\/letaobleu.fr\\\/index.php\\\/accompagnement-bien-etre-sante\\\/\"]}]},{\"@type\":\"BreadcrumbList\",\"@id\":\"https:\\\/\\\/letaobleu.fr\\\/index.php\\\/accompagnement-bien-etre-sante\\\/#breadcrumb\",\"itemListElement\":[{\"@type\":\"ListItem\",\"position\":1,\"name\":\"Accueil\",\"item\":\"https:\\\/\\\/letaobleu.fr\\\/\"},{\"@type\":\"ListItem\",\"position\":2,\"name\":\"Accompagner\"}]},{\"@type\":\"WebSite\",\"@id\":\"https:\\\/\\\/letaobleu.fr\\\/#website\",\"url\":\"https:\\\/\\\/letaobleu.fr\\\/\",\"name\":\"LE TAO BLEU\",\"description\":\"Entretenir le calme et la vitalit\u00e9 gr\u00e2ce aux pratiques mill\u00e9naires du Qi Gong et de la M\u00e9ditation\",\"publisher\":{\"@id\":\"https:\\\/\\\/letaobleu.fr\\\/#organization\"},\"potentialAction\":[{\"@type\":\"SearchAction\",\"target\":{\"@type\":\"EntryPoint\",\"urlTemplate\":\"https:\\\/\\\/letaobleu.fr\\\/?s={search_term_string}\"},\"query-input\":{\"@type\":\"PropertyValueSpecification\",\"valueRequired\":true,\"valueName\":\"search_term_string\"}}],\"inLanguage\":\"fr-FR\"},{\"@type\":\"Organization\",\"@id\":\"https:\\\/\\\/letaobleu.fr\\\/#organization\",\"name\":\"LE TAO BLEU\",\"url\":\"https:\\\/\\\/letaobleu.fr\\\/\",\"logo\":{\"@type\":\"ImageObject\",\"inLanguage\":\"fr-FR\",\"@id\":\"https:\\\/\\\/letaobleu.fr\\\/#\\\/schema\\\/logo\\\/image\\\/\",\"url\":\"https:\\\/\\\/letaobleu.fr\\\/wp-content\\\/uploads\\\/2025\\\/09\\\/Logo-officiel-Le-Tao-Bleu-recoupe-pour-site.png\",\"contentUrl\":\"https:\\\/\\\/letaobleu.fr\\\/wp-content\\\/uploads\\\/2025\\\/09\\\/Logo-officiel-Le-Tao-Bleu-recoupe-pour-site.png\",\"width\":500,\"height\":390,\"caption\":\"LE TAO BLEU\"},\"image\":{\"@id\":\"https:\\\/\\\/letaobleu.fr\\\/#\\\/schema\\\/logo\\\/image\\\/\"},\"sameAs\":[\"https:\\\/\\\/www.facebook.com\\\/profile.php?id=61580347494568\"]}]}<\/script>\n<!-- \/ Yoast SEO plugin. -->","yoast_head_json":{"title":"Accompagner - LE TAO BLEU","robots":{"index":"index","follow":"follow","max-snippet":"max-snippet:-1","max-image-preview":"max-image-preview:large","max-video-preview":"max-video-preview:-1"},"canonical":"https:\/\/letaobleu.fr\/index.php\/accompagnement-bien-etre-sante\/","og_locale":"fr_FR","og_type":"article","og_title":"Accompagner - LE TAO BLEU","og_description":"Une approche holistique du bien-\u00eatre Une invitation au changement En savoir + sur le Qi Gong \u25cf Pratiquer avec Le Tao Bleu","og_url":"https:\/\/letaobleu.fr\/index.php\/accompagnement-bien-etre-sante\/","og_site_name":"LE TAO BLEU","article_publisher":"https:\/\/www.facebook.com\/profile.php?id=61580347494568","article_modified_time":"2026-02-09T10:36:23+00:00","twitter_card":"summary_large_image","twitter_misc":{"Dur\u00e9e de lecture estim\u00e9e":"2 minutes"},"schema":{"@context":"https:\/\/schema.org","@graph":[{"@type":"WebPage","@id":"https:\/\/letaobleu.fr\/index.php\/accompagnement-bien-etre-sante\/","url":"https:\/\/letaobleu.fr\/index.php\/accompagnement-bien-etre-sante\/","name":"Accompagner - LE TAO BLEU","isPartOf":{"@id":"https:\/\/letaobleu.fr\/#website"},"datePublished":"2025-08-26T06:24:35+00:00","dateModified":"2026-02-09T10:36:23+00:00","breadcrumb":{"@id":"https:\/\/letaobleu.fr\/index.php\/accompagnement-bien-etre-sante\/#breadcrumb"},"inLanguage":"fr-FR","potentialAction":[{"@type":"ReadAction","target":["https:\/\/letaobleu.fr\/index.php\/accompagnement-bien-etre-sante\/"]}]},{"@type":"BreadcrumbList","@id":"https:\/\/letaobleu.fr\/index.php\/accompagnement-bien-etre-sante\/#breadcrumb","itemListElement":[{"@type":"ListItem","position":1,"name":"Accueil","item":"https:\/\/letaobleu.fr\/"},{"@type":"ListItem","position":2,"name":"Accompagner"}]},{"@type":"WebSite","@id":"https:\/\/letaobleu.fr\/#website","url":"https:\/\/letaobleu.fr\/","name":"LE TAO BLEU","description":"Entretenir le calme et la vitalit\u00e9 gr\u00e2ce aux pratiques mill\u00e9naires du Qi Gong et de la M\u00e9ditation","publisher":{"@id":"https:\/\/letaobleu.fr\/#organization"},"potentialAction":[{"@type":"SearchAction","target":{"@type":"EntryPoint","urlTemplate":"https:\/\/letaobleu.fr\/?s={search_term_string}"},"query-input":{"@type":"PropertyValueSpecification","valueRequired":true,"valueName":"search_term_string"}}],"inLanguage":"fr-FR"},{"@type":"Organization","@id":"https:\/\/letaobleu.fr\/#organization","name":"LE TAO BLEU","url":"https:\/\/letaobleu.fr\/","logo":{"@type":"ImageObject","inLanguage":"fr-FR","@id":"https:\/\/letaobleu.fr\/#\/schema\/logo\/image\/","url":"https:\/\/letaobleu.fr\/wp-content\/uploads\/2025\/09\/Logo-officiel-Le-Tao-Bleu-recoupe-pour-site.png","contentUrl":"https:\/\/letaobleu.fr\/wp-content\/uploads\/2025\/09\/Logo-officiel-Le-Tao-Bleu-recoupe-pour-site.png","width":500,"height":390,"caption":"LE TAO BLEU"},"image":{"@id":"https:\/\/letaobleu.fr\/#\/schema\/logo\/image\/"},"sameAs":["https:\/\/www.facebook.com\/profile.php?id=61580347494568"]}]}},"_links":{"self":[{"href":"https:\/\/letaobleu.fr\/index.php\/wp-json\/wp\/v2\/pages\/459","targetHints":{"allow":["GET"]}}],"collection":[{"href":"https:\/\/letaobleu.fr\/index.php\/wp-json\/wp\/v2\/pages"}],"about":[{"href":"https:\/\/letaobleu.fr\/index.php\/wp-json\/wp\/v2\/types\/page"}],"author":[{"embeddable":true,"href":"https:\/\/letaobleu.fr\/index.php\/wp-json\/wp\/v2\/users\/1"}],"replies":[{"embeddable":true,"href":"https:\/\/letaobleu.fr\/index.php\/wp-json\/wp\/v2\/comments?post=459"}],"version-history":[{"count":75,"href":"https:\/\/letaobleu.fr\/index.php\/wp-json\/wp\/v2\/pages\/459\/revisions"}],"predecessor-version":[{"id":1657,"href":"https:\/\/letaobleu.fr\/index.php\/wp-json\/wp\/v2\/pages\/459\/revisions\/1657"}],"wp:attachment":[{"href":"https:\/\/letaobleu.fr\/index.php\/wp-json\/wp\/v2\/media?parent=459"}],"curies":[{"name":"wp","href":"https:\/\/api.w.org\/{rel}","templated":true}]}}