{"id":463,"date":"2025-08-26T06:27:15","date_gmt":"2025-08-26T06:27:15","guid":{"rendered":"http:\/\/letaobleu.fr\/?page_id=463"},"modified":"2026-05-04T17:06:24","modified_gmt":"2026-05-04T17:06:24","slug":"qui-suis-je-guillaume-berton","status":"publish","type":"page","link":"https:\/\/letaobleu.fr\/index.php\/qui-suis-je-guillaume-berton\/","title":{"rendered":"Qui suis-je ?"},"content":{"rendered":"\n<figure class=\"wp-block-image size-full is-resized\"><img loading=\"lazy\" decoding=\"async\" width=\"500\" height=\"500\" src=\"https:\/\/letaobleu.fr\/wp-content\/uploads\/2026\/05\/photo-profil-site-le-tao-bleu.png\" alt=\"\" class=\"wp-image-1670\" style=\"width:281px;height:auto\" srcset=\"https:\/\/letaobleu.fr\/wp-content\/uploads\/2026\/05\/photo-profil-site-le-tao-bleu.png 500w, https:\/\/letaobleu.fr\/wp-content\/uploads\/2026\/05\/photo-profil-site-le-tao-bleu-300x300.png 300w, https:\/\/letaobleu.fr\/wp-content\/uploads\/2026\/05\/photo-profil-site-le-tao-bleu-150x150.png 150w\" sizes=\"(max-width: 500px) 100vw, 500px\" \/><\/figure>\n\n\n\n\n\n\n\n\n\n\n\n\n\n\n\n<p>Guillaume<\/p>\n\n\n\n<p class=\"has-text-align-left\">* L\u2019 \u00c9cole du Centre Tao est agr\u00e9\u00e9e par la F\u00e9d\u00e9ration des Enseignants de Qi Gong, Arts \u00e9nerg\u00e9tiques (FEQGAE).<\/p>\n\n\n\n<p><a href=\"https:\/\/letaobleu.fr\/index.php\/contact\/\" target=\"_blank\" rel=\"noreferrer noopener\">Me contacter<\/a> \u25cf <a href=\"https:\/\/letaobleu.fr\/index.php\/services-cours-collectifs-particulier-poitiers\/\" target=\"_blank\" rel=\"noreferrer noopener\">Mes services<\/a> \u25cf <a href=\"https:\/\/letaobleu.fr\/index.php\/accompagnement-bien-etre-sante\/\" target=\"_blank\" rel=\"noreferrer noopener\">Mon accompagnement<\/a><\/p>\n\n\n\n\n\n<h3 class=\"wp-block-heading\"><mark style=\"background-color:rgba(0, 0, 0, 0)\" class=\"has-inline-color has-kubio-color-2-color\">Mes enseignants<\/mark><\/h3>\n\n\n\n<p><strong>Philippe Aspe<\/strong><\/p>\n\n\n\n\n\n\n\n<p><strong>Marie Rom\u00e9<\/strong><\/p>\n\n\n\n\n\n\n\n<p><strong>\u00c9lis\u00e9 N\u00e9goce<\/strong><\/p>\n\n\n\n<p>Professeur de Qi Gong \u00e0 l\u2019\u00c9cole du Centre Tao. Professeur de Bagua Zhang, Tai Chi Vo Dao Kung Fu, Yoga. <\/p>\n\n\n\n<p><strong>Isabelle Leblond<\/strong><\/p>\n\n\n\n\n\n\n\n<h3 class=\"wp-block-heading\"><mark style=\"background-color:rgba(0, 0, 0, 0)\" class=\"has-inline-color has-kubio-color-2-color\">Pourquoi Le Tao Bleu ?<\/mark><\/h3>\n\n\n\n\n\n\n\n\n","protected":false},"excerpt":{"rendered":"<p>Guillaume * L\u2019 \u00c9cole du Centre Tao est agr\u00e9\u00e9e par la F\u00e9d\u00e9ration des Enseignants de Qi Gong, Arts \u00e9nerg\u00e9tiques (FEQGAE). Me contacter \u25cf Mes services \u25cf Mon accompagnement Mes enseignants Philippe Aspe Marie Rom\u00e9 \u00c9lis\u00e9 N\u00e9goce Professeur de Qi Gong \u00e0 l\u2019\u00c9cole du Centre Tao. Professeur de Bagua Zhang, Tai Chi Vo Dao Kung Fu, [&hellip;]<\/p>\n","protected":false},"author":1,"featured_media":0,"parent":0,"menu_order":0,"comment_status":"closed","ping_status":"closed","template":"","meta":{"saved_in_kubio":true,"footnotes":""},"class_list":["post-463","page","type-page","status-publish","hentry"],"kubio_ai_page_context":{"short_desc":"","purpose":"general"},"yoast_head":"<!-- This site is optimized with the Yoast SEO plugin v27.5 - https:\/\/yoast.com\/product\/yoast-seo-wordpress\/ -->\n<title>Qui suis-je ? - LE TAO BLEU<\/title>\n<meta name=\"robots\" content=\"index, follow, max-snippet:-1, max-image-preview:large, max-video-preview:-1\" \/>\n<link rel=\"canonical\" href=\"https:\/\/letaobleu.fr\/index.php\/qui-suis-je-guillaume-berton\/\" \/>\n<meta property=\"og:locale\" content=\"fr_FR\" \/>\n<meta property=\"og:type\" content=\"article\" \/>\n<meta property=\"og:title\" content=\"Qui suis-je ? - LE TAO BLEU\" \/>\n<meta property=\"og:description\" content=\"Guillaume * L\u2019 \u00c9cole du Centre Tao est agr\u00e9\u00e9e par la F\u00e9d\u00e9ration des Enseignants de Qi Gong, Arts \u00e9nerg\u00e9tiques (FEQGAE). Me contacter \u25cf Mes services \u25cf Mon accompagnement Mes enseignants Philippe Aspe Marie Rom\u00e9 \u00c9lis\u00e9 N\u00e9goce Professeur de Qi Gong \u00e0 l\u2019\u00c9cole du Centre Tao. Professeur de Bagua Zhang, Tai Chi Vo Dao Kung Fu, [&hellip;]\" \/>\n<meta property=\"og:url\" content=\"https:\/\/letaobleu.fr\/index.php\/qui-suis-je-guillaume-berton\/\" \/>\n<meta property=\"og:site_name\" content=\"LE TAO BLEU\" \/>\n<meta property=\"article:publisher\" content=\"https:\/\/www.facebook.com\/profile.php?id=61580347494568\" \/>\n<meta property=\"article:modified_time\" content=\"2026-05-04T17:06:24+00:00\" \/>\n<meta property=\"og:image\" content=\"https:\/\/letaobleu.fr\/wp-content\/uploads\/2026\/05\/photo-profil-site-le-tao-bleu.png\" \/>\n\t<meta property=\"og:image:width\" content=\"500\" \/>\n\t<meta property=\"og:image:height\" content=\"500\" \/>\n\t<meta property=\"og:image:type\" content=\"image\/png\" \/>\n<meta name=\"twitter:card\" content=\"summary_large_image\" \/>\n<meta name=\"twitter:label1\" content=\"Dur\u00e9e de lecture estim\u00e9e\" \/>\n\t<meta name=\"twitter:data1\" content=\"4 minutes\" \/>\n<script type=\"application\/ld+json\" class=\"yoast-schema-graph\">{\"@context\":\"https:\\\/\\\/schema.org\",\"@graph\":[{\"@type\":\"WebPage\",\"@id\":\"https:\\\/\\\/letaobleu.fr\\\/index.php\\\/qui-suis-je-guillaume-berton\\\/\",\"url\":\"https:\\\/\\\/letaobleu.fr\\\/index.php\\\/qui-suis-je-guillaume-berton\\\/\",\"name\":\"Qui suis-je ? - LE TAO BLEU\",\"isPartOf\":{\"@id\":\"https:\\\/\\\/letaobleu.fr\\\/#website\"},\"primaryImageOfPage\":{\"@id\":\"https:\\\/\\\/letaobleu.fr\\\/index.php\\\/qui-suis-je-guillaume-berton\\\/#primaryimage\"},\"image\":{\"@id\":\"https:\\\/\\\/letaobleu.fr\\\/index.php\\\/qui-suis-je-guillaume-berton\\\/#primaryimage\"},\"thumbnailUrl\":\"https:\\\/\\\/letaobleu.fr\\\/wp-content\\\/uploads\\\/2026\\\/05\\\/photo-profil-site-le-tao-bleu.png\",\"datePublished\":\"2025-08-26T06:27:15+00:00\",\"dateModified\":\"2026-05-04T17:06:24+00:00\",\"breadcrumb\":{\"@id\":\"https:\\\/\\\/letaobleu.fr\\\/index.php\\\/qui-suis-je-guillaume-berton\\\/#breadcrumb\"},\"inLanguage\":\"fr-FR\",\"potentialAction\":[{\"@type\":\"ReadAction\",\"target\":[\"https:\\\/\\\/letaobleu.fr\\\/index.php\\\/qui-suis-je-guillaume-berton\\\/\"]}]},{\"@type\":\"ImageObject\",\"inLanguage\":\"fr-FR\",\"@id\":\"https:\\\/\\\/letaobleu.fr\\\/index.php\\\/qui-suis-je-guillaume-berton\\\/#primaryimage\",\"url\":\"https:\\\/\\\/letaobleu.fr\\\/wp-content\\\/uploads\\\/2026\\\/05\\\/photo-profil-site-le-tao-bleu.png\",\"contentUrl\":\"https:\\\/\\\/letaobleu.fr\\\/wp-content\\\/uploads\\\/2026\\\/05\\\/photo-profil-site-le-tao-bleu.png\",\"width\":500,\"height\":500},{\"@type\":\"BreadcrumbList\",\"@id\":\"https:\\\/\\\/letaobleu.fr\\\/index.php\\\/qui-suis-je-guillaume-berton\\\/#breadcrumb\",\"itemListElement\":[{\"@type\":\"ListItem\",\"position\":1,\"name\":\"Accueil\",\"item\":\"https:\\\/\\\/letaobleu.fr\\\/\"},{\"@type\":\"ListItem\",\"position\":2,\"name\":\"Qui suis-je ?\"}]},{\"@type\":\"WebSite\",\"@id\":\"https:\\\/\\\/letaobleu.fr\\\/#website\",\"url\":\"https:\\\/\\\/letaobleu.fr\\\/\",\"name\":\"LE TAO BLEU\",\"description\":\"Entretenir le calme et la vitalit\u00e9 gr\u00e2ce aux pratiques mill\u00e9naires du Qi Gong et de la M\u00e9ditation\",\"publisher\":{\"@id\":\"https:\\\/\\\/letaobleu.fr\\\/#organization\"},\"potentialAction\":[{\"@type\":\"SearchAction\",\"target\":{\"@type\":\"EntryPoint\",\"urlTemplate\":\"https:\\\/\\\/letaobleu.fr\\\/?s={search_term_string}\"},\"query-input\":{\"@type\":\"PropertyValueSpecification\",\"valueRequired\":true,\"valueName\":\"search_term_string\"}}],\"inLanguage\":\"fr-FR\"},{\"@type\":\"Organization\",\"@id\":\"https:\\\/\\\/letaobleu.fr\\\/#organization\",\"name\":\"LE TAO BLEU\",\"url\":\"https:\\\/\\\/letaobleu.fr\\\/\",\"logo\":{\"@type\":\"ImageObject\",\"inLanguage\":\"fr-FR\",\"@id\":\"https:\\\/\\\/letaobleu.fr\\\/#\\\/schema\\\/logo\\\/image\\\/\",\"url\":\"https:\\\/\\\/letaobleu.fr\\\/wp-content\\\/uploads\\\/2025\\\/09\\\/Logo-officiel-Le-Tao-Bleu-recoupe-pour-site.png\",\"contentUrl\":\"https:\\\/\\\/letaobleu.fr\\\/wp-content\\\/uploads\\\/2025\\\/09\\\/Logo-officiel-Le-Tao-Bleu-recoupe-pour-site.png\",\"width\":500,\"height\":390,\"caption\":\"LE TAO BLEU\"},\"image\":{\"@id\":\"https:\\\/\\\/letaobleu.fr\\\/#\\\/schema\\\/logo\\\/image\\\/\"},\"sameAs\":[\"https:\\\/\\\/www.facebook.com\\\/profile.php?id=61580347494568\"]}]}<\/script>\n<!-- \/ Yoast SEO plugin. -->","yoast_head_json":{"title":"Qui suis-je ? - LE TAO BLEU","robots":{"index":"index","follow":"follow","max-snippet":"max-snippet:-1","max-image-preview":"max-image-preview:large","max-video-preview":"max-video-preview:-1"},"canonical":"https:\/\/letaobleu.fr\/index.php\/qui-suis-je-guillaume-berton\/","og_locale":"fr_FR","og_type":"article","og_title":"Qui suis-je ? - LE TAO BLEU","og_description":"Guillaume * L\u2019 \u00c9cole du Centre Tao est agr\u00e9\u00e9e par la F\u00e9d\u00e9ration des Enseignants de Qi Gong, Arts \u00e9nerg\u00e9tiques (FEQGAE). Me contacter \u25cf Mes services \u25cf Mon accompagnement Mes enseignants Philippe Aspe Marie Rom\u00e9 \u00c9lis\u00e9 N\u00e9goce Professeur de Qi Gong \u00e0 l\u2019\u00c9cole du Centre Tao. Professeur de Bagua Zhang, Tai Chi Vo Dao Kung Fu, [&hellip;]","og_url":"https:\/\/letaobleu.fr\/index.php\/qui-suis-je-guillaume-berton\/","og_site_name":"LE TAO BLEU","article_publisher":"https:\/\/www.facebook.com\/profile.php?id=61580347494568","article_modified_time":"2026-05-04T17:06:24+00:00","og_image":[{"width":500,"height":500,"url":"https:\/\/letaobleu.fr\/wp-content\/uploads\/2026\/05\/photo-profil-site-le-tao-bleu.png","type":"image\/png"}],"twitter_card":"summary_large_image","twitter_misc":{"Dur\u00e9e de lecture estim\u00e9e":"4 minutes"},"schema":{"@context":"https:\/\/schema.org","@graph":[{"@type":"WebPage","@id":"https:\/\/letaobleu.fr\/index.php\/qui-suis-je-guillaume-berton\/","url":"https:\/\/letaobleu.fr\/index.php\/qui-suis-je-guillaume-berton\/","name":"Qui suis-je ? - LE TAO BLEU","isPartOf":{"@id":"https:\/\/letaobleu.fr\/#website"},"primaryImageOfPage":{"@id":"https:\/\/letaobleu.fr\/index.php\/qui-suis-je-guillaume-berton\/#primaryimage"},"image":{"@id":"https:\/\/letaobleu.fr\/index.php\/qui-suis-je-guillaume-berton\/#primaryimage"},"thumbnailUrl":"https:\/\/letaobleu.fr\/wp-content\/uploads\/2026\/05\/photo-profil-site-le-tao-bleu.png","datePublished":"2025-08-26T06:27:15+00:00","dateModified":"2026-05-04T17:06:24+00:00","breadcrumb":{"@id":"https:\/\/letaobleu.fr\/index.php\/qui-suis-je-guillaume-berton\/#breadcrumb"},"inLanguage":"fr-FR","potentialAction":[{"@type":"ReadAction","target":["https:\/\/letaobleu.fr\/index.php\/qui-suis-je-guillaume-berton\/"]}]},{"@type":"ImageObject","inLanguage":"fr-FR","@id":"https:\/\/letaobleu.fr\/index.php\/qui-suis-je-guillaume-berton\/#primaryimage","url":"https:\/\/letaobleu.fr\/wp-content\/uploads\/2026\/05\/photo-profil-site-le-tao-bleu.png","contentUrl":"https:\/\/letaobleu.fr\/wp-content\/uploads\/2026\/05\/photo-profil-site-le-tao-bleu.png","width":500,"height":500},{"@type":"BreadcrumbList","@id":"https:\/\/letaobleu.fr\/index.php\/qui-suis-je-guillaume-berton\/#breadcrumb","itemListElement":[{"@type":"ListItem","position":1,"name":"Accueil","item":"https:\/\/letaobleu.fr\/"},{"@type":"ListItem","position":2,"name":"Qui suis-je ?"}]},{"@type":"WebSite","@id":"https:\/\/letaobleu.fr\/#website","url":"https:\/\/letaobleu.fr\/","name":"LE TAO BLEU","description":"Entretenir le calme et la vitalit\u00e9 gr\u00e2ce aux pratiques mill\u00e9naires du Qi Gong et de la M\u00e9ditation","publisher":{"@id":"https:\/\/letaobleu.fr\/#organization"},"potentialAction":[{"@type":"SearchAction","target":{"@type":"EntryPoint","urlTemplate":"https:\/\/letaobleu.fr\/?s={search_term_string}"},"query-input":{"@type":"PropertyValueSpecification","valueRequired":true,"valueName":"search_term_string"}}],"inLanguage":"fr-FR"},{"@type":"Organization","@id":"https:\/\/letaobleu.fr\/#organization","name":"LE TAO BLEU","url":"https:\/\/letaobleu.fr\/","logo":{"@type":"ImageObject","inLanguage":"fr-FR","@id":"https:\/\/letaobleu.fr\/#\/schema\/logo\/image\/","url":"https:\/\/letaobleu.fr\/wp-content\/uploads\/2025\/09\/Logo-officiel-Le-Tao-Bleu-recoupe-pour-site.png","contentUrl":"https:\/\/letaobleu.fr\/wp-content\/uploads\/2025\/09\/Logo-officiel-Le-Tao-Bleu-recoupe-pour-site.png","width":500,"height":390,"caption":"LE TAO BLEU"},"image":{"@id":"https:\/\/letaobleu.fr\/#\/schema\/logo\/image\/"},"sameAs":["https:\/\/www.facebook.com\/profile.php?id=61580347494568"]}]}},"_links":{"self":[{"href":"https:\/\/letaobleu.fr\/index.php\/wp-json\/wp\/v2\/pages\/463","targetHints":{"allow":["GET"]}}],"collection":[{"href":"https:\/\/letaobleu.fr\/index.php\/wp-json\/wp\/v2\/pages"}],"about":[{"href":"https:\/\/letaobleu.fr\/index.php\/wp-json\/wp\/v2\/types\/page"}],"author":[{"embeddable":true,"href":"https:\/\/letaobleu.fr\/index.php\/wp-json\/wp\/v2\/users\/1"}],"replies":[{"embeddable":true,"href":"https:\/\/letaobleu.fr\/index.php\/wp-json\/wp\/v2\/comments?post=463"}],"version-history":[{"count":64,"href":"https:\/\/letaobleu.fr\/index.php\/wp-json\/wp\/v2\/pages\/463\/revisions"}],"predecessor-version":[{"id":1671,"href":"https:\/\/letaobleu.fr\/index.php\/wp-json\/wp\/v2\/pages\/463\/revisions\/1671"}],"wp:attachment":[{"href":"https:\/\/letaobleu.fr\/index.php\/wp-json\/wp\/v2\/media?parent=463"}],"curies":[{"name":"wp","href":"https:\/\/api.w.org\/{rel}","templated":true}]}}