{"id":468,"date":"2025-08-26T06:43:01","date_gmt":"2025-08-26T06:43:01","guid":{"rendered":"http:\/\/letaobleu.fr\/?page_id=468"},"modified":"2026-03-04T18:35:09","modified_gmt":"2026-03-04T18:35:09","slug":"qi-gong-meditation","status":"publish","type":"page","link":"https:\/\/letaobleu.fr\/index.php\/qi-gong-meditation\/","title":{"rendered":"Qi Gong &#038; M\u00e9ditation"},"content":{"rendered":"\n\n\n<h3 class=\"wp-block-heading\"><mark style=\"background-color:rgba(0, 0, 0, 0)\" class=\"has-inline-color has-kubio-color-2-color\">Un art de sant\u00e9&nbsp;<\/mark><\/h3>\n\n\n\n\n\n\n\n\n\n<h3 class=\"wp-block-heading\"><mark style=\"background-color:rgba(0, 0, 0, 0)\" class=\"has-inline-color has-kubio-color-2-color\">Les bienfaits du Qi Gong<\/mark><\/h3>\n\n\n\n<ul class=\"wp-block-list\">\n<li>aide \u00e0 g\u00e9rer ses \u00e9motions pour r\u00e9duire et r\u00e9guler le stress et l\u2019anxi\u00e9t\u00e9,&nbsp;<\/li>\n\n\n\n<li>apaise le syst\u00e8me nerveux et am\u00e9liore la qualit\u00e9 du sommeil,&nbsp;<\/li>\n\n\n\n<li>ancre et harmonise la respiration,<\/li>\n\n\n\n<li>d\u00e9tend l\u2019ensemble du corps et calme les tensions douloureuses,<\/li>\n\n\n\n<li>fortifie l\u2019ensemble des organes et r\u00e9g\u00e9n\u00e8re le syst\u00e8me \u00e9nerg\u00e9tique,<\/li>\n\n\n\n<li>am\u00e9liore la souplesse des tendons, des articulations et des muscles,<\/li>\n\n\n\n<li>favorise la coordination corporelle et l\u2019\u00e9quilibre, <\/li>\n\n\n\n<li>am\u00e9liore la concentration et la m\u00e9moire,&nbsp;<\/li>\n\n\n\n<li>renforce la confiance en soi, contribue \u00e0 la bonne humeur et \u00e0 la joie de vivre.<\/li>\n<\/ul>\n\n\n\n<h3 class=\"wp-block-heading\"><mark style=\"background-color:rgba(0, 0, 0, 0)\" class=\"has-inline-color has-kubio-color-2-color\">La M\u00e9ditation<\/mark><\/h3>\n\n\n\n\n\n<p><strong>Les bienfaits de la M\u00e9ditation assise :<\/strong><\/p>\n\n\n\n<ul class=\"wp-block-list\">\n<li>apporte la clart\u00e9 des id\u00e9es,&nbsp;<\/li>\n\n\n\n<li>r\u00e9duit&nbsp;la tension et le stress,&nbsp;<\/li>\n\n\n\n<li>d\u00e9cuple notre capacit\u00e9 \u00e0 vivre plus intens\u00e9ment le pr\u00e9sent,&nbsp;<\/li>\n\n\n\n<li>am\u00e9liore l\u2019attention, la m\u00e9moire, la concentration,&nbsp;<\/li>\n\n\n\n<li>d\u00e9veloppe l\u2019intuition et la cr\u00e9ativit\u00e9,&nbsp;<\/li>\n\n\n\n<li>favorise une plus grande paix int\u00e9rieure.<\/li>\n<\/ul>\n\n\n\n\n\n<p><a href=\"https:\/\/letaobleu.fr\/index.php\/le-tao-bleu\/\" target=\"_blank\" rel=\"noreferrer noopener\">Quand et o\u00f9 pratiquer ?<\/a> \u25cf <a href=\"https:\/\/letaobleu.fr\/index.php\/services-cours-collectifs-particulier-poitiers\/\" target=\"_blank\" rel=\"noreferrer noopener\">Services<\/a><\/p>\n\n\n\n\n\n<h3 class=\"wp-block-heading\"><mark style=\"background-color:rgba(0, 0, 0, 0)\" class=\"has-inline-color has-kubio-color-2-color\">Le saviez-vous ? <\/mark><\/h3>\n\n\n\n\n","protected":false},"excerpt":{"rendered":"<p>Un art de sant\u00e9&nbsp; Les bienfaits du Qi Gong La M\u00e9ditation Les bienfaits de la M\u00e9ditation assise : Quand et o\u00f9 pratiquer ? \u25cf Services Le saviez-vous ?<\/p>\n","protected":false},"author":1,"featured_media":0,"parent":0,"menu_order":0,"comment_status":"closed","ping_status":"closed","template":"","meta":{"saved_in_kubio":true,"footnotes":""},"class_list":["post-468","page","type-page","status-publish","hentry"],"kubio_ai_page_context":{"short_desc":"","purpose":"general"},"yoast_head":"<!-- This site is optimized with the Yoast SEO plugin v27.5 - https:\/\/yoast.com\/product\/yoast-seo-wordpress\/ -->\n<title>Qi Gong &amp; M\u00e9ditation - LE TAO BLEU<\/title>\n<meta name=\"robots\" content=\"index, follow, max-snippet:-1, max-image-preview:large, max-video-preview:-1\" \/>\n<link rel=\"canonical\" href=\"https:\/\/letaobleu.fr\/index.php\/qi-gong-meditation\/\" \/>\n<meta property=\"og:locale\" content=\"fr_FR\" \/>\n<meta property=\"og:type\" content=\"article\" \/>\n<meta property=\"og:title\" content=\"Qi Gong &amp; M\u00e9ditation - LE TAO BLEU\" \/>\n<meta property=\"og:description\" content=\"Un art de sant\u00e9&nbsp; Les bienfaits du Qi Gong La M\u00e9ditation Les bienfaits de la M\u00e9ditation assise : Quand et o\u00f9 pratiquer ? \u25cf Services Le saviez-vous ?\" \/>\n<meta property=\"og:url\" content=\"https:\/\/letaobleu.fr\/index.php\/qi-gong-meditation\/\" \/>\n<meta property=\"og:site_name\" content=\"LE TAO BLEU\" \/>\n<meta property=\"article:publisher\" content=\"https:\/\/www.facebook.com\/profile.php?id=61580347494568\" \/>\n<meta property=\"article:modified_time\" content=\"2026-03-04T18:35:09+00:00\" \/>\n<meta name=\"twitter:card\" content=\"summary_large_image\" \/>\n<meta name=\"twitter:label1\" content=\"Dur\u00e9e de lecture estim\u00e9e\" \/>\n\t<meta name=\"twitter:data1\" content=\"3 minutes\" \/>\n<script type=\"application\/ld+json\" class=\"yoast-schema-graph\">{\"@context\":\"https:\\\/\\\/schema.org\",\"@graph\":[{\"@type\":\"WebPage\",\"@id\":\"https:\\\/\\\/letaobleu.fr\\\/index.php\\\/qi-gong-meditation\\\/\",\"url\":\"https:\\\/\\\/letaobleu.fr\\\/index.php\\\/qi-gong-meditation\\\/\",\"name\":\"Qi Gong & M\u00e9ditation - LE TAO BLEU\",\"isPartOf\":{\"@id\":\"https:\\\/\\\/letaobleu.fr\\\/#website\"},\"datePublished\":\"2025-08-26T06:43:01+00:00\",\"dateModified\":\"2026-03-04T18:35:09+00:00\",\"breadcrumb\":{\"@id\":\"https:\\\/\\\/letaobleu.fr\\\/index.php\\\/qi-gong-meditation\\\/#breadcrumb\"},\"inLanguage\":\"fr-FR\",\"potentialAction\":[{\"@type\":\"ReadAction\",\"target\":[\"https:\\\/\\\/letaobleu.fr\\\/index.php\\\/qi-gong-meditation\\\/\"]}]},{\"@type\":\"BreadcrumbList\",\"@id\":\"https:\\\/\\\/letaobleu.fr\\\/index.php\\\/qi-gong-meditation\\\/#breadcrumb\",\"itemListElement\":[{\"@type\":\"ListItem\",\"position\":1,\"name\":\"Accueil\",\"item\":\"https:\\\/\\\/letaobleu.fr\\\/\"},{\"@type\":\"ListItem\",\"position\":2,\"name\":\"Qi Gong &#038; M\u00e9ditation\"}]},{\"@type\":\"WebSite\",\"@id\":\"https:\\\/\\\/letaobleu.fr\\\/#website\",\"url\":\"https:\\\/\\\/letaobleu.fr\\\/\",\"name\":\"LE TAO BLEU\",\"description\":\"Entretenir le calme et la vitalit\u00e9 gr\u00e2ce aux pratiques mill\u00e9naires du Qi Gong et de la M\u00e9ditation\",\"publisher\":{\"@id\":\"https:\\\/\\\/letaobleu.fr\\\/#organization\"},\"potentialAction\":[{\"@type\":\"SearchAction\",\"target\":{\"@type\":\"EntryPoint\",\"urlTemplate\":\"https:\\\/\\\/letaobleu.fr\\\/?s={search_term_string}\"},\"query-input\":{\"@type\":\"PropertyValueSpecification\",\"valueRequired\":true,\"valueName\":\"search_term_string\"}}],\"inLanguage\":\"fr-FR\"},{\"@type\":\"Organization\",\"@id\":\"https:\\\/\\\/letaobleu.fr\\\/#organization\",\"name\":\"LE TAO BLEU\",\"url\":\"https:\\\/\\\/letaobleu.fr\\\/\",\"logo\":{\"@type\":\"ImageObject\",\"inLanguage\":\"fr-FR\",\"@id\":\"https:\\\/\\\/letaobleu.fr\\\/#\\\/schema\\\/logo\\\/image\\\/\",\"url\":\"https:\\\/\\\/letaobleu.fr\\\/wp-content\\\/uploads\\\/2025\\\/09\\\/Logo-officiel-Le-Tao-Bleu-recoupe-pour-site.png\",\"contentUrl\":\"https:\\\/\\\/letaobleu.fr\\\/wp-content\\\/uploads\\\/2025\\\/09\\\/Logo-officiel-Le-Tao-Bleu-recoupe-pour-site.png\",\"width\":500,\"height\":390,\"caption\":\"LE TAO BLEU\"},\"image\":{\"@id\":\"https:\\\/\\\/letaobleu.fr\\\/#\\\/schema\\\/logo\\\/image\\\/\"},\"sameAs\":[\"https:\\\/\\\/www.facebook.com\\\/profile.php?id=61580347494568\"]}]}<\/script>\n<!-- \/ Yoast SEO plugin. -->","yoast_head_json":{"title":"Qi Gong & M\u00e9ditation - LE TAO BLEU","robots":{"index":"index","follow":"follow","max-snippet":"max-snippet:-1","max-image-preview":"max-image-preview:large","max-video-preview":"max-video-preview:-1"},"canonical":"https:\/\/letaobleu.fr\/index.php\/qi-gong-meditation\/","og_locale":"fr_FR","og_type":"article","og_title":"Qi Gong & M\u00e9ditation - LE TAO BLEU","og_description":"Un art de sant\u00e9&nbsp; Les bienfaits du Qi Gong La M\u00e9ditation Les bienfaits de la M\u00e9ditation assise : Quand et o\u00f9 pratiquer ? \u25cf Services Le saviez-vous ?","og_url":"https:\/\/letaobleu.fr\/index.php\/qi-gong-meditation\/","og_site_name":"LE TAO BLEU","article_publisher":"https:\/\/www.facebook.com\/profile.php?id=61580347494568","article_modified_time":"2026-03-04T18:35:09+00:00","twitter_card":"summary_large_image","twitter_misc":{"Dur\u00e9e de lecture estim\u00e9e":"3 minutes"},"schema":{"@context":"https:\/\/schema.org","@graph":[{"@type":"WebPage","@id":"https:\/\/letaobleu.fr\/index.php\/qi-gong-meditation\/","url":"https:\/\/letaobleu.fr\/index.php\/qi-gong-meditation\/","name":"Qi Gong & M\u00e9ditation - LE TAO BLEU","isPartOf":{"@id":"https:\/\/letaobleu.fr\/#website"},"datePublished":"2025-08-26T06:43:01+00:00","dateModified":"2026-03-04T18:35:09+00:00","breadcrumb":{"@id":"https:\/\/letaobleu.fr\/index.php\/qi-gong-meditation\/#breadcrumb"},"inLanguage":"fr-FR","potentialAction":[{"@type":"ReadAction","target":["https:\/\/letaobleu.fr\/index.php\/qi-gong-meditation\/"]}]},{"@type":"BreadcrumbList","@id":"https:\/\/letaobleu.fr\/index.php\/qi-gong-meditation\/#breadcrumb","itemListElement":[{"@type":"ListItem","position":1,"name":"Accueil","item":"https:\/\/letaobleu.fr\/"},{"@type":"ListItem","position":2,"name":"Qi Gong &#038; M\u00e9ditation"}]},{"@type":"WebSite","@id":"https:\/\/letaobleu.fr\/#website","url":"https:\/\/letaobleu.fr\/","name":"LE TAO BLEU","description":"Entretenir le calme et la vitalit\u00e9 gr\u00e2ce aux pratiques mill\u00e9naires du Qi Gong et de la M\u00e9ditation","publisher":{"@id":"https:\/\/letaobleu.fr\/#organization"},"potentialAction":[{"@type":"SearchAction","target":{"@type":"EntryPoint","urlTemplate":"https:\/\/letaobleu.fr\/?s={search_term_string}"},"query-input":{"@type":"PropertyValueSpecification","valueRequired":true,"valueName":"search_term_string"}}],"inLanguage":"fr-FR"},{"@type":"Organization","@id":"https:\/\/letaobleu.fr\/#organization","name":"LE TAO BLEU","url":"https:\/\/letaobleu.fr\/","logo":{"@type":"ImageObject","inLanguage":"fr-FR","@id":"https:\/\/letaobleu.fr\/#\/schema\/logo\/image\/","url":"https:\/\/letaobleu.fr\/wp-content\/uploads\/2025\/09\/Logo-officiel-Le-Tao-Bleu-recoupe-pour-site.png","contentUrl":"https:\/\/letaobleu.fr\/wp-content\/uploads\/2025\/09\/Logo-officiel-Le-Tao-Bleu-recoupe-pour-site.png","width":500,"height":390,"caption":"LE TAO BLEU"},"image":{"@id":"https:\/\/letaobleu.fr\/#\/schema\/logo\/image\/"},"sameAs":["https:\/\/www.facebook.com\/profile.php?id=61580347494568"]}]}},"_links":{"self":[{"href":"https:\/\/letaobleu.fr\/index.php\/wp-json\/wp\/v2\/pages\/468","targetHints":{"allow":["GET"]}}],"collection":[{"href":"https:\/\/letaobleu.fr\/index.php\/wp-json\/wp\/v2\/pages"}],"about":[{"href":"https:\/\/letaobleu.fr\/index.php\/wp-json\/wp\/v2\/types\/page"}],"author":[{"embeddable":true,"href":"https:\/\/letaobleu.fr\/index.php\/wp-json\/wp\/v2\/users\/1"}],"replies":[{"embeddable":true,"href":"https:\/\/letaobleu.fr\/index.php\/wp-json\/wp\/v2\/comments?post=468"}],"version-history":[{"count":90,"href":"https:\/\/letaobleu.fr\/index.php\/wp-json\/wp\/v2\/pages\/468\/revisions"}],"predecessor-version":[{"id":1660,"href":"https:\/\/letaobleu.fr\/index.php\/wp-json\/wp\/v2\/pages\/468\/revisions\/1660"}],"wp:attachment":[{"href":"https:\/\/letaobleu.fr\/index.php\/wp-json\/wp\/v2\/media?parent=468"}],"curies":[{"name":"wp","href":"https:\/\/api.w.org\/{rel}","templated":true}]}}